{"id":2015,"date":"2018-10-15T08:54:51","date_gmt":"2018-10-15T06:54:51","guid":{"rendered":"https:\/\/www.pauvrophobie.be\/?page_id=2015"},"modified":"2018-12-14T18:03:07","modified_gmt":"2018-12-14T17:03:07","slug":"temoignages","status":"publish","type":"page","link":"https:\/\/www.pauvrophobie.be\/index.php\/le-blog\/temoignages\/","title":{"rendered":"T\u00e9moignages"},"content":{"rendered":"<p>[et_pb_section fb_built=\u00a0\u00bb1&Prime; disabled_on=\u00a0\u00bbon|off|off\u00a0\u00bb admin_label=\u00a0\u00bbT\u00e9moignages 1 &#8211; DESKTOP\u00a0\u00bb _builder_version=\u00a0\u00bb3.17.2&Prime; background_image=\u00a0\u00bbhttps:\/\/www.pauvrophobie.be\/wp-content\/uploads\/2018\/10\/GIF-T\u00e9moignage-Franck-SDF-court-compressor.gif\u00a0\u00bb custom_padding=\u00a0\u00bb0|0px|0px|0px|false|false\u00a0\u00bb][et_pb_row make_fullwidth=\u00a0\u00bbon\u00a0\u00bb custom_padding=\u00a0\u00bb0|0px|0px|0px|false|false\u00a0\u00bb _builder_version=\u00a0\u00bb3.10&Prime;][et_pb_column type=\u00a0\u00bb4_4&Prime; _builder_version=\u00a0\u00bb3.0.47&Prime; parallax=\u00a0\u00bboff\u00a0\u00bb parallax_method=\u00a0\u00bbon\u00a0\u00bb][et_pb_blog posts_number=\u00a0\u00bb1&Prime; include_categories=\u00a0\u00bb96&Prime; meta_date=\u00a0\u00bbd\/m\/Y\u00a0\u00bb show_thumbnail=\u00a0\u00bboff\u00a0\u00bb show_author=\u00a0\u00bboff\u00a0\u00bb show_categories=\u00a0\u00bboff\u00a0\u00bb show_pagination=\u00a0\u00bboff\u00a0\u00bb disabled_on=\u00a0\u00bboff|off|off\u00a0\u00bb _builder_version=\u00a0\u00bb3.17.1&Prime; header_level=\u00a0\u00bbh1&Prime; header_font=\u00a0\u00bbTITRE-MontserratBlack|700|||||||\u00a0\u00bb header_text_color=\u00a0\u00bb#000000&Prime; header_font_size=\u00a0\u00bb40px\u00a0\u00bb meta_font=\u00a0\u00bbText-SourceSansPro||||||||\u00a0\u00bb meta_text_align=\u00a0\u00bbleft\u00a0\u00bb meta_line_height=\u00a0\u00bb3em\u00a0\u00bb meta_line_height_last_edited=\u00a0\u00bbon|desktop\u00a0\u00bb custom_margin=\u00a0\u00bb|||\u00a0\u00bb custom_padding=\u00a0\u00bb|||\u00a0\u00bb custom_css_main_element=\u00a0\u00bbheight:100vh;\u00a0\u00bb custom_css_title=\u00a0\u00bbposition:absolute;||left:-6%;||color:black;||top:70vh;||background-color:#e2e63e;||padding:5px;||\u00a0\u00bb custom_css_content=\u00a0\u00bbdisplay:none !important;\u00a0\u00bb custom_css_post_meta=\u00a0\u00bbposition:relative;||top:80vh;||left:-6%;\u00a0\u00bb][\/et_pb_blog][\/et_pb_column][\/et_pb_row][\/et_pb_section][et_pb_section fb_built=\u00a0\u00bb1&Prime; disabled_on=\u00a0\u00bboff|on|on\u00a0\u00bb admin_label=\u00a0\u00bbT\u00e9moignages 1 MOBILE\u00a0\u00bb _builder_version=\u00a0\u00bb3.17.6&Prime; background_image=\u00a0\u00bbhttps:\/\/www.pauvrophobie.be\/wp-content\/uploads\/2018\/11\/Tranck-SDF-court-mobile.gif\u00a0\u00bb custom_padding=\u00a0\u00bb0|0px|0px|0px|false|false\u00a0\u00bb collapsed=\u00a0\u00bboff\u00a0\u00bb][et_pb_row make_fullwidth=\u00a0\u00bbon\u00a0\u00bb custom_padding=\u00a0\u00bb0|0px|0px|0px|false|false\u00a0\u00bb _builder_version=\u00a0\u00bb3.10&Prime;][et_pb_column type=\u00a0\u00bb4_4&Prime; _builder_version=\u00a0\u00bb3.0.47&Prime; parallax=\u00a0\u00bboff\u00a0\u00bb parallax_method=\u00a0\u00bbon\u00a0\u00bb][et_pb_blog posts_number=\u00a0\u00bb1&Prime; include_categories=\u00a0\u00bb96&Prime; meta_date=\u00a0\u00bbd\/m\/Y\u00a0\u00bb show_thumbnail=\u00a0\u00bboff\u00a0\u00bb show_author=\u00a0\u00bboff\u00a0\u00bb show_categories=\u00a0\u00bboff\u00a0\u00bb show_pagination=\u00a0\u00bboff\u00a0\u00bb _builder_version=\u00a0\u00bb3.17.2&Prime; header_font=\u00a0\u00bbTITRE-MontserratBlack|700|||||||\u00a0\u00bb header_text_color=\u00a0\u00bb#000000&Prime; header_font_size=\u00a0\u00bb30px\u00a0\u00bb header_font_size_last_edited=\u00a0\u00bboff|desktop\u00a0\u00bb body_font=\u00a0\u00bb||||||||\u00a0\u00bb custom_css_main_element=\u00a0\u00bbheight:100vh;||\u00a0\u00bb custom_css_title=\u00a0\u00bbposition:absolute;||left:-6%;||color:black;||top:50vh;||background-color:#e2e63e;||padding:5px;||\u00a0\u00bb custom_css_content=\u00a0\u00bbdisplay:none !important;\u00a0\u00bb custom_css_post_meta=\u00a0\u00bbposition:relative;||top:45vh;||left:-6%;||\u00a0\u00bb][\/et_pb_blog][\/et_pb_column][\/et_pb_row][\/et_pb_section][et_pb_section fb_built=\u00a0\u00bb1&Prime; disabled_on=\u00a0\u00bboff|off|off\u00a0\u00bb admin_label=\u00a0\u00bbFOND D\u00e9grad\u00e9\u00a0\u00bb _builder_version=\u00a0\u00bb3.15&Prime; background_image=\u00a0\u00bbhttp:\/\/ns3251244.ip-37-59-13.eu\/wp-dev\/wordpress\/wp-content\/uploads\/2018\/09\/OmbreTop.png\u00a0\u00bb custom_padding=\u00a0\u00bb0|0px|152px|0px|false|false\u00a0\u00bb custom_css_main_element=\u00a0\u00bbheight:32px;||width:100%;||z-index:11;||position:fixed;||top:0;||left:0; ||background-color:transparent;\u00a0\u00bb global_module=\u00a0\u00bb1708&Prime; collapsed=\u00a0\u00bbon\u00a0\u00bb][\/et_pb_section][et_pb_section fb_built=\u00a0\u00bb1&Prime; _builder_version=\u00a0\u00bb3.17.6&Prime; border_width_all=\u00a0\u00bb5px\u00a0\u00bb custom_margin_phone=\u00a0\u00bb0px|0px|0px|0px\u00a0\u00bb custom_margin_last_edited=\u00a0\u00bbon|phone\u00a0\u00bb custom_padding=\u00a0\u00bb0|0px|0px|0px|false|false\u00a0\u00bb locked=\u00a0\u00bboff\u00a0\u00bb][et_pb_row make_fullwidth=\u00a0\u00bbon\u00a0\u00bb use_custom_gutter=\u00a0\u00bbon\u00a0\u00bb gutter_width=\u00a0\u00bb1&Prime; custom_padding=\u00a0\u00bb0px|0px|0|0px|false|false\u00a0\u00bb make_equal=\u00a0\u00bbon\u00a0\u00bb custom_padding_last_edited=\u00a0\u00bbon|phone\u00a0\u00bb _builder_version=\u00a0\u00bb3.17.6&Prime; custom_margin_phone=\u00a0\u00bb0px|0px|0px|0px\u00a0\u00bb custom_margin_last_edited=\u00a0\u00bbon|desktop\u00a0\u00bb][et_pb_column type=\u00a0\u00bb1_2&Prime; _builder_version=\u00a0\u00bb3.17.6&Prime; parallax=\u00a0\u00bboff\u00a0\u00bb parallax_method=\u00a0\u00bbon\u00a0\u00bb][et_pb_text admin_label=\u00a0\u00bbAlain Courtois\u00a0\u00bb _builder_version=\u00a0\u00bb3.17.6&Prime; border_width_all=\u00a0\u00bb5px\u00a0\u00bb border_color_all=\u00a0\u00bb#e2E63E\u00a0\u00bb locked=\u00a0\u00bboff\u00a0\u00bb]<iframe loading=\"lazy\" src=\"https:\/\/player.vimeo.com\/video\/299438064?color=E2E63E&#038;title=0&#038;byline=0&#038;portrait=0\" width=\"1920\" height=\"1920\" frameborder=\"0\" webkitallowfullscreen mozallowfullscreen allowfullscreen><\/iframe>[\/et_pb_text][et_pb_text admin_label=\u00a0\u00bbJo\u00eblle\u00a0\u00bb _builder_version=\u00a0\u00bb3.17.6&Prime; border_width_all=\u00a0\u00bb5px\u00a0\u00bb border_color_all=\u00a0\u00bb#e2E63E\u00a0\u00bb locked=\u00a0\u00bboff\u00a0\u00bb]<iframe loading=\"lazy\" src=\"https:\/\/player.vimeo.com\/video\/299438150?color=E2E63E&#038;title=0&#038;byline=0&#038;portrait=0\" width=\"1920\" height=\"1920\" frameborder=\"0\" webkitallowfullscreen mozallowfullscreen allowfullscreen><\/iframe>[\/et_pb_text][et_pb_text admin_label=\u00a0\u00bbArlette Dolegowski\u00a0\u00bb _builder_version=\u00a0\u00bb3.17.6&Prime; border_width_all=\u00a0\u00bb5px\u00a0\u00bb border_color_all=\u00a0\u00bb#e2E63E\u00a0\u00bb locked=\u00a0\u00bboff\u00a0\u00bb]<iframe loading=\"lazy\" src=\"https:\/\/player.vimeo.com\/video\/299438210?color=E2E63E&#038;title=0&#038;byline=0&#038;portrait=0\" width=\"1920\" height=\"1920\" frameborder=\"0\" webkitallowfullscreen mozallowfullscreen allowfullscreen><\/iframe>[\/et_pb_text][et_pb_text admin_label=\u00a0\u00bbVERA\u00a0\u00bb _builder_version=\u00a0\u00bb3.18.7&Prime; border_width_all=\u00a0\u00bb5px\u00a0\u00bb border_color_all=\u00a0\u00bb#e2E63E\u00a0\u00bb locked=\u00a0\u00bboff\u00a0\u00bb]<iframe loading=\"lazy\" src=\"https:\/\/player.vimeo.com\/video\/306415301?title=0&#038;byline=0\" width=\"1920\" height=\"1920\" frameborder=\"0\" webkitallowfullscreen mozallowfullscreen allowfullscreen><\/iframe>[\/et_pb_text][et_pb_text admin_label=\u00a0\u00bbMELANIE\u00a0\u00bb _builder_version=\u00a0\u00bb3.18.7&Prime; border_width_all=\u00a0\u00bb5px\u00a0\u00bb border_color_all=\u00a0\u00bb#e2E63E\u00a0\u00bb locked=\u00a0\u00bboff\u00a0\u00bb]<iframe loading=\"lazy\" src=\"https:\/\/player.vimeo.com\/video\/306415409?title=0&#038;byline=0\" width=\"1920\" height=\"1920\" frameborder=\"0\" webkitallowfullscreen mozallowfullscreen allowfullscreen><\/iframe>[\/et_pb_text][\/et_pb_column][et_pb_column type=\u00a0\u00bb1_2&Prime; _builder_version=\u00a0\u00bb3.17.6&Prime; parallax=\u00a0\u00bboff\u00a0\u00bb parallax_method=\u00a0\u00bbon\u00a0\u00bb][et_pb_text admin_label=\u00a0\u00bbChahr\u00a0\u00bb _builder_version=\u00a0\u00bb3.17.6&Prime; border_width_all=\u00a0\u00bb5px\u00a0\u00bb border_color_all=\u00a0\u00bb#e2E63E\u00a0\u00bb locked=\u00a0\u00bboff\u00a0\u00bb]<iframe loading=\"lazy\" src=\"https:\/\/player.vimeo.com\/video\/299438105?color=E2E63E&#038;title=0&#038;byline=0&#038;portrait=0\" width=\"1920\" height=\"1920\" frameborder=\"0\" webkitallowfullscreen mozallowfullscreen allowfullscreen><\/iframe>[\/et_pb_text][et_pb_text admin_label=\u00a0\u00bbSylvie Moreaux\u00a0\u00bb _builder_version=\u00a0\u00bb3.17.6&Prime; border_width_all=\u00a0\u00bb5px\u00a0\u00bb border_color_all=\u00a0\u00bb#e2E63E\u00a0\u00bb locked=\u00a0\u00bboff\u00a0\u00bb]<iframe loading=\"lazy\" src=\"https:\/\/player.vimeo.com\/video\/299438180?color=E2E63E&#038;title=0&#038;byline=0&#038;portrait=0\" width=\"1920\" height=\"1920\" frameborder=\"0\" webkitallowfullscreen mozallowfullscreen allowfullscreen><\/iframe>[\/et_pb_text][et_pb_text admin_label=\u00a0\u00bbAbraham Franssen\u00a0\u00bb _builder_version=\u00a0\u00bb3.17.6&Prime; border_width_all=\u00a0\u00bb5px\u00a0\u00bb border_color_all=\u00a0\u00bb#e2E63E\u00a0\u00bb locked=\u00a0\u00bboff\u00a0\u00bb]<iframe loading=\"lazy\" src=\"https:\/\/player.vimeo.com\/video\/301015786?color=E2E63E&#038;title=0&#038;byline=0&#038;portrait=0\" width=\"1920\" height=\"1920\" frameborder=\"0\" webkitallowfullscreen mozallowfullscreen allowfullscreen><\/iframe>[\/et_pb_text][et_pb_text admin_label=\u00a0\u00bbFRANK &#8211; SDF\u00a0\u00bb _builder_version=\u00a0\u00bb3.18.7&Prime; border_width_all=\u00a0\u00bb5px\u00a0\u00bb border_color_all=\u00a0\u00bb#e2E63E\u00a0\u00bb locked=\u00a0\u00bboff\u00a0\u00bb]<iframe loading=\"lazy\" src=\"https:\/\/player.vimeo.com\/video\/306415355?title=0&#038;byline=0\" width=\"1920\" height=\"1920\" frameborder=\"0\" webkitallowfullscreen mozallowfullscreen allowfullscreen><\/iframe>[\/et_pb_text][\/et_pb_column][\/et_pb_row][\/et_pb_section][et_pb_section fb_built=\u00a0\u00bb1&Prime; disabled_on=\u00a0\u00bbon|off|off\u00a0\u00bb admin_label=\u00a0\u00bbT\u00e9moignages 2 &#038; 3 &#8211; DESKTOP\u00a0\u00bb _builder_version=\u00a0\u00bb3.9&Prime; custom_padding=\u00a0\u00bb0|0px|0px|0px|false|false\u00a0\u00bb][et_pb_row use_custom_width=\u00a0\u00bbon\u00a0\u00bb width_unit=\u00a0\u00bboff\u00a0\u00bb custom_width_percent=\u00a0\u00bb100%\u00a0\u00bb use_custom_gutter=\u00a0\u00bbon\u00a0\u00bb gutter_width=\u00a0\u00bb1&Prime; custom_padding=\u00a0\u00bb0|0px|0px|0px|false|false\u00a0\u00bb make_equal=\u00a0\u00bbon\u00a0\u00bb bg_img_1=\u00a0\u00bbhttps:\/\/www.pauvrophobie.be\/wp-content\/uploads\/2018\/10\/Podcast.png\u00a0\u00bb bg_img_2=\u00a0\u00bbhttp:\/\/ns3251244.ip-37-59-13.eu\/wp-dev\/wordpress\/wp-content\/uploads\/2018\/09\/Img-Home_ChahrHadji.png\u00a0\u00bb _builder_version=\u00a0\u00bb3.17.1&Prime; custom_css_main_element=\u00a0\u00bbheight:100vh;\u00a0\u00bb][et_pb_column type=\u00a0\u00bb1_2&Prime; _builder_version=\u00a0\u00bb3.0.47&Prime; bg_img=\u00a0\u00bbhttps:\/\/www.pauvrophobie.be\/wp-content\/uploads\/2018\/10\/Podcast.png\u00a0\u00bb parallax=\u00a0\u00bboff\u00a0\u00bb parallax_method=\u00a0\u00bbon\u00a0\u00bb][et_pb_blog posts_number=\u00a0\u00bb1&Prime; include_categories=\u00a0\u00bb97&Prime; meta_date=\u00a0\u00bbd\/m\/Y\u00a0\u00bb show_thumbnail=\u00a0\u00bboff\u00a0\u00bb show_author=\u00a0\u00bboff\u00a0\u00bb show_categories=\u00a0\u00bboff\u00a0\u00bb show_pagination=\u00a0\u00bboff\u00a0\u00bb disabled_on=\u00a0\u00bboff|off|off\u00a0\u00bb _builder_version=\u00a0\u00bb3.17.1&Prime; header_level=\u00a0\u00bbh1&Prime; header_font=\u00a0\u00bbTITRE-MontserratBlack|700|||||||\u00a0\u00bb header_text_color=\u00a0\u00bb#000000&Prime; header_font_size=\u00a0\u00bb40px\u00a0\u00bb meta_font=\u00a0\u00bbText-SourceSansPro||||||||\u00a0\u00bb meta_text_align=\u00a0\u00bbleft\u00a0\u00bb meta_line_height=\u00a0\u00bb3em\u00a0\u00bb meta_line_height_last_edited=\u00a0\u00bbon|desktop\u00a0\u00bb custom_css_main_element=\u00a0\u00bbheight:100vh;\u00a0\u00bb custom_css_title=\u00a0\u00bbposition:absolute;||top:70vh;||background-color: #e2e63e;||padding:5px;||\u00a0\u00bb custom_css_content=\u00a0\u00bbdisplay:none !important;\u00a0\u00bb custom_css_post_meta=\u00a0\u00bbposition:relative;||top:85vh;\u00a0\u00bb locked=\u00a0\u00bboff\u00a0\u00bb][\/et_pb_blog][\/et_pb_column][et_pb_column type=\u00a0\u00bb1_2&Prime; _builder_version=\u00a0\u00bb3.0.47&Prime; bg_img=\u00a0\u00bbhttp:\/\/ns3251244.ip-37-59-13.eu\/wp-dev\/wordpress\/wp-content\/uploads\/2018\/09\/Img-Home_ChahrHadji.png\u00a0\u00bb parallax=\u00a0\u00bboff\u00a0\u00bb parallax_method=\u00a0\u00bbon\u00a0\u00bb][et_pb_blog posts_number=\u00a0\u00bb1&Prime; include_categories=\u00a0\u00bb98&Prime; meta_date=\u00a0\u00bbd\/m\/Y\u00a0\u00bb show_thumbnail=\u00a0\u00bboff\u00a0\u00bb show_author=\u00a0\u00bboff\u00a0\u00bb show_categories=\u00a0\u00bboff\u00a0\u00bb show_pagination=\u00a0\u00bboff\u00a0\u00bb _builder_version=\u00a0\u00bb3.17.1&Prime; header_level=\u00a0\u00bbh1&Prime; header_font=\u00a0\u00bbTITRE-MontserratBlack|700|||||||\u00a0\u00bb header_text_color=\u00a0\u00bb#000000&Prime; header_font_size=\u00a0\u00bb40px\u00a0\u00bb meta_font=\u00a0\u00bbText-SourceSansPro||||||||\u00a0\u00bb meta_text_align=\u00a0\u00bbleft\u00a0\u00bb meta_line_height=\u00a0\u00bb3em\u00a0\u00bb meta_line_height_last_edited=\u00a0\u00bbon|desktop\u00a0\u00bb custom_css_main_element=\u00a0\u00bbheight:100vh;\u00a0\u00bb custom_css_title=\u00a0\u00bbposition:absolute;||top:70vh;||background-color:#e2e63e;||padding:5px;||\u00a0\u00bb custom_css_content=\u00a0\u00bbdisplay:none;\u00a0\u00bb custom_css_post_meta=\u00a0\u00bbposition:relative;||top:85vh;\u00a0\u00bb locked=\u00a0\u00bboff\u00a0\u00bb][\/et_pb_blog][\/et_pb_column][\/et_pb_row][\/et_pb_section][et_pb_section fb_built=\u00a0\u00bb1&Prime; disabled_on=\u00a0\u00bboff|on|on\u00a0\u00bb admin_label=\u00a0\u00bbT\u00e9moignages 2 MOBILE\u00a0\u00bb _builder_version=\u00a0\u00bb3.17.2&Prime; background_image=\u00a0\u00bbhttps:\/\/www.pauvrophobie.be\/wp-content\/uploads\/2018\/10\/Podcast2.png\u00a0\u00bb custom_padding=\u00a0\u00bb0|0px|0px|0px|false|false\u00a0\u00bb locked=\u00a0\u00bboff\u00a0\u00bb collapsed=\u00a0\u00bboff\u00a0\u00bb][et_pb_row make_fullwidth=\u00a0\u00bbon\u00a0\u00bb custom_padding=\u00a0\u00bb0|0px|0px|0px|false|false\u00a0\u00bb _builder_version=\u00a0\u00bb3.10&Prime;][et_pb_column type=\u00a0\u00bb4_4&Prime; _builder_version=\u00a0\u00bb3.0.47&Prime; parallax=\u00a0\u00bboff\u00a0\u00bb parallax_method=\u00a0\u00bbon\u00a0\u00bb][et_pb_blog posts_number=\u00a0\u00bb1&Prime; include_categories=\u00a0\u00bb97&Prime; meta_date=\u00a0\u00bbd\/m\/Y\u00a0\u00bb show_thumbnail=\u00a0\u00bboff\u00a0\u00bb show_author=\u00a0\u00bboff\u00a0\u00bb show_categories=\u00a0\u00bboff\u00a0\u00bb show_pagination=\u00a0\u00bboff\u00a0\u00bb _builder_version=\u00a0\u00bb3.17.2&Prime; header_font=\u00a0\u00bbTITRE-MontserratBlack|700|||||||\u00a0\u00bb header_text_color=\u00a0\u00bb#000000&Prime; header_font_size=\u00a0\u00bb30px\u00a0\u00bb header_font_size_last_edited=\u00a0\u00bboff|desktop\u00a0\u00bb body_font=\u00a0\u00bb||||||||\u00a0\u00bb custom_css_main_element=\u00a0\u00bbheight:100vh;||\u00a0\u00bb custom_css_title=\u00a0\u00bbposition:absolute;||left:-6%;||color:black;||top:50vh;||background-color:#e2e63e;||padding:5px;||\u00a0\u00bb custom_css_content=\u00a0\u00bbdisplay:none !important;\u00a0\u00bb custom_css_post_meta=\u00a0\u00bbposition:relative;||top:45vh;||left:-6%;||\u00a0\u00bb][\/et_pb_blog][\/et_pb_column][\/et_pb_row][\/et_pb_section][et_pb_section fb_built=\u00a0\u00bb1&Prime; disabled_on=\u00a0\u00bboff|on|on\u00a0\u00bb admin_label=\u00a0\u00bbT\u00e9moignages 3 MOBILE\u00a0\u00bb _builder_version=\u00a0\u00bb3.17.2&Prime; background_image=\u00a0\u00bbhttps:\/\/www.pauvrophobie.be\/wp-content\/uploads\/2018\/10\/Img-Home_ChahrHadjiBis-1.png\u00a0\u00bb custom_padding=\u00a0\u00bb0|0px|0px|0px|false|false\u00a0\u00bb locked=\u00a0\u00bboff\u00a0\u00bb collapsed=\u00a0\u00bboff\u00a0\u00bb][et_pb_row make_fullwidth=\u00a0\u00bbon\u00a0\u00bb custom_padding=\u00a0\u00bb0|0px|0px|0px|false|false\u00a0\u00bb _builder_version=\u00a0\u00bb3.10&Prime;][et_pb_column type=\u00a0\u00bb4_4&Prime; _builder_version=\u00a0\u00bb3.0.47&Prime; parallax=\u00a0\u00bboff\u00a0\u00bb parallax_method=\u00a0\u00bbon\u00a0\u00bb][et_pb_blog posts_number=\u00a0\u00bb1&Prime; include_categories=\u00a0\u00bb98&Prime; meta_date=\u00a0\u00bbd\/m\/Y\u00a0\u00bb show_thumbnail=\u00a0\u00bboff\u00a0\u00bb show_author=\u00a0\u00bboff\u00a0\u00bb show_categories=\u00a0\u00bboff\u00a0\u00bb show_pagination=\u00a0\u00bboff\u00a0\u00bb _builder_version=\u00a0\u00bb3.17.2&Prime; header_font=\u00a0\u00bbTITRE-MontserratBlack|700|||||||\u00a0\u00bb header_text_color=\u00a0\u00bb#000000&Prime; header_font_size=\u00a0\u00bb30px\u00a0\u00bb header_font_size_last_edited=\u00a0\u00bboff|desktop\u00a0\u00bb body_font=\u00a0\u00bb||||||||\u00a0\u00bb custom_css_main_element=\u00a0\u00bbheight:100vh;||\u00a0\u00bb custom_css_title=\u00a0\u00bbposition:absolute;||left:-6%;||color:black;||top:50vh;||background-color:#e2e63e;||padding:5px;||\u00a0\u00bb custom_css_content=\u00a0\u00bbdisplay:none !important;\u00a0\u00bb custom_css_post_meta=\u00a0\u00bbposition:relative;||top:45vh;||left:-6%;||\u00a0\u00bb][\/et_pb_blog][\/et_pb_column][\/et_pb_row][\/et_pb_section][et_pb_section fb_built=\u00a0\u00bb1&Prime; _builder_version=\u00a0\u00bb3.17.6&Prime; border_width_all=\u00a0\u00bb5px\u00a0\u00bb custom_margin_phone=\u00a0\u00bb0px|0px|0px|0px\u00a0\u00bb custom_margin_last_edited=\u00a0\u00bbon|phone\u00a0\u00bb custom_padding=\u00a0\u00bb0|0px|0px|0px|false|false\u00a0\u00bb locked=\u00a0\u00bboff\u00a0\u00bb][et_pb_row make_fullwidth=\u00a0\u00bbon\u00a0\u00bb use_custom_gutter=\u00a0\u00bbon\u00a0\u00bb gutter_width=\u00a0\u00bb1&Prime; custom_padding=\u00a0\u00bb0px|0px|0|0px|false|false\u00a0\u00bb make_equal=\u00a0\u00bbon\u00a0\u00bb custom_padding_last_edited=\u00a0\u00bbon|phone\u00a0\u00bb _builder_version=\u00a0\u00bb3.17.6&Prime; custom_margin_phone=\u00a0\u00bb0px|0px|0px|0px\u00a0\u00bb custom_margin_last_edited=\u00a0\u00bbon|desktop\u00a0\u00bb][et_pb_column type=\u00a0\u00bb1_2&Prime; _builder_version=\u00a0\u00bb3.17.6&Prime; parallax=\u00a0\u00bboff\u00a0\u00bb parallax_method=\u00a0\u00bbon\u00a0\u00bb][et_pb_text admin_label=\u00a0\u00bbPODCAST &#8211; OLIVIER\u00a0\u00bb _builder_version=\u00a0\u00bb3.18.7&Prime; border_width_all=\u00a0\u00bb5px\u00a0\u00bb border_color_all=\u00a0\u00bb#e2E63E\u00a0\u00bb locked=\u00a0\u00bboff\u00a0\u00bb]<iframe loading=\"lazy\" width=\"1280\" height=\"720\" src=\"https:\/\/www.youtube.com\/embed\/pQuvJTKVAJ4\" frameborder=\"0\" allow=\"autoplay; encrypted-media\" allowfullscreen><\/iframe>[\/et_pb_text][et_pb_text admin_label=\u00a0\u00bbPODCAST &#8211; NATHALIE\u00a0\u00bb _builder_version=\u00a0\u00bb3.18.7&Prime; border_width_all=\u00a0\u00bb5px\u00a0\u00bb border_color_all=\u00a0\u00bb#e2E63E\u00a0\u00bb locked=\u00a0\u00bboff\u00a0\u00bb]<iframe loading=\"lazy\" width=\"1280\" height=\"720\" src=\"https:\/\/www.youtube.com\/embed\/rRevgPAgq-c\" frameborder=\"0\" allow=\"accelerometer; autoplay; encrypted-media; gyroscope; picture-in-picture\" allowfullscreen><\/iframe>[\/et_pb_text][\/et_pb_column][et_pb_column type=\u00a0\u00bb1_2&Prime; _builder_version=\u00a0\u00bb3.17.6&Prime; parallax=\u00a0\u00bboff\u00a0\u00bb parallax_method=\u00a0\u00bbon\u00a0\u00bb][et_pb_text admin_label=\u00a0\u00bbPODCAST &#8211; JOSEPH\u00a0\u00bb _builder_version=\u00a0\u00bb3.18.7&Prime; border_width_all=\u00a0\u00bb5px\u00a0\u00bb border_color_all=\u00a0\u00bb#e2E63E\u00a0\u00bb locked=\u00a0\u00bboff\u00a0\u00bb]<iframe loading=\"lazy\" width=\"1280\" height=\"720\" src=\"https:\/\/www.youtube.com\/embed\/XNWGZkJAPNE\" frameborder=\"0\" allow=\"accelerometer; autoplay; encrypted-media; gyroscope; picture-in-picture\" allowfullscreen><\/iframe>[\/et_pb_text][et_pb_text admin_label=\u00a0\u00bbPODCAST &#8211; ADAM\u00a0\u00bb _builder_version=\u00a0\u00bb3.18.7&Prime; border_width_all=\u00a0\u00bb5px\u00a0\u00bb border_color_all=\u00a0\u00bb#e2E63E\u00a0\u00bb locked=\u00a0\u00bboff\u00a0\u00bb]<iframe loading=\"lazy\" width=\"1280\" height=\"720\" src=\"https:\/\/www.youtube.com\/embed\/bZ2Ol5k5MnY\" frameborder=\"0\" allow=\"accelerometer; autoplay; encrypted-media; gyroscope; picture-in-picture\" allowfullscreen><\/iframe>[\/et_pb_text][\/et_pb_column][\/et_pb_row][\/et_pb_section][et_pb_section fb_built=\u00a0\u00bb1&Prime; disabled_on=\u00a0\u00bbon|on|on\u00a0\u00bb _builder_version=\u00a0\u00bb3.14&Prime; background_color=\u00a0\u00bb#000000&Prime; custom_padding=\u00a0\u00bb0px|0px|0|0px|false|false\u00a0\u00bb disabled=\u00a0\u00bbon\u00a0\u00bb global_module=\u00a0\u00bb1346&Prime;][et_pb_row _builder_version=\u00a0\u00bb3.14&Prime; module_alignment=\u00a0\u00bbcenter\u00a0\u00bb][et_pb_column type=\u00a0\u00bb4_4&Prime; _builder_version=\u00a0\u00bb3.0.47&Prime; parallax=\u00a0\u00bboff\u00a0\u00bb parallax_method=\u00a0\u00bbon\u00a0\u00bb][et_pb_image src=\u00a0\u00bbhttps:\/\/www.pauvrophobie.be\/wp-content\/uploads\/2018\/09\/Footer-Web-Sense-LF-1-1.png\u00a0\u00bb align=\u00a0\u00bbcenter\u00a0\u00bb admin_label=\u00a0\u00bbLOGOS SENSE et FORUM\u00a0\u00bb _builder_version=\u00a0\u00bb3.15&Prime; max_width=\u00a0\u00bb60%\u00a0\u00bb module_alignment=\u00a0\u00bbcenter\u00a0\u00bb][\/et_pb_image][et_pb_image src=\u00a0\u00bbhttps:\/\/www.pauvrophobie.be\/wp-content\/uploads\/2018\/09\/Footer-Web-Partners-1-1.png\u00a0\u00bb align=\u00a0\u00bbcenter\u00a0\u00bb admin_label=\u00a0\u00bbLOGOS FINANCEURS\u00a0\u00bb _builder_version=\u00a0\u00bb3.15&Prime; max_width=\u00a0\u00bb80%\u00a0\u00bb module_alignment=\u00a0\u00bbcenter\u00a0\u00bb][\/et_pb_image][et_pb_text admin_label=\u00a0\u00bbUn projet du Forum Bruxelles contre les in\u00e9galit\u00e9s et de Sense Production\u00a0\u00bb _builder_version=\u00a0\u00bb3.15&Prime; text_font=\u00a0\u00bbText-SourceSansPro||||||||\u00a0\u00bb text_text_color=\u00a0\u00bb#ffffff\u00a0\u00bb text_font_size=\u00a0\u00bb14px\u00a0\u00bb text_line_height=\u00a0\u00bb1.5em\u00a0\u00bb text_orientation=\u00a0\u00bbcenter\u00a0\u00bb]<\/p>\n<p style=\"text-align: center;\"><strong>Un projet du Forum Bruxelles contre les in\u00e9galit\u00e9s et de Sense Production<\/strong><br \/><strong>Produit par Sense Production<\/strong><\/p>\n<p style=\"text-align: center;\">Projet men\u00e9 en partenariat avec la Coop\u00e9rative CERA &#8211;\u00a0Avec le soutien de la Commission communautaire commune de la R\u00e9gion de Bruxelles-Capitale &#8211;\u00a0Avec le soutien de la F\u00e9d\u00e9ration Wallonie-Bruxelles &#8211;\u00a0Avec le soutien de 4Wings Foundation &#8211;\u00a0Avec l&rsquo;aide du Fonds international Wernaers pour la recherche et la diffusion des connaissances &#8211;\u00a0Avec le soutien de la Commission communautaire fran\u00e7aise<\/p>\n<p>[\/et_pb_text][\/et_pb_column][\/et_pb_row][\/et_pb_section]<\/p>\n","protected":false},"excerpt":{"rendered":"<p>Un projet du Forum Bruxelles contre les in\u00e9galit\u00e9s et de Sense ProductionProduit par Sense Production Projet men\u00e9 en partenariat avec la Coop\u00e9rative CERA &#8211;\u00a0Avec le soutien de la Commission communautaire commune de la R\u00e9gion de Bruxelles-Capitale &#8211;\u00a0Avec le soutien de la F\u00e9d\u00e9ration Wallonie-Bruxelles &#8211;\u00a0Avec le soutien de 4Wings Foundation &#8211;\u00a0Avec l&rsquo;aide du Fonds international Wernaers [&hellip;]<\/p>\n","protected":false},"author":1,"featured_media":0,"parent":909,"menu_order":20,"comment_status":"closed","ping_status":"closed","template":"","meta":{"_et_pb_use_builder":"on","_et_pb_old_content":"","_et_gb_content_width":"","footnotes":""},"class_list":["post-2015","page","type-page","status-publish","hentry"],"_links":{"self":[{"href":"https:\/\/www.pauvrophobie.be\/index.php\/wp-json\/wp\/v2\/pages\/2015","targetHints":{"allow":["GET"]}}],"collection":[{"href":"https:\/\/www.pauvrophobie.be\/index.php\/wp-json\/wp\/v2\/pages"}],"about":[{"href":"https:\/\/www.pauvrophobie.be\/index.php\/wp-json\/wp\/v2\/types\/page"}],"author":[{"embeddable":true,"href":"https:\/\/www.pauvrophobie.be\/index.php\/wp-json\/wp\/v2\/users\/1"}],"replies":[{"embeddable":true,"href":"https:\/\/www.pauvrophobie.be\/index.php\/wp-json\/wp\/v2\/comments?post=2015"}],"version-history":[{"count":14,"href":"https:\/\/www.pauvrophobie.be\/index.php\/wp-json\/wp\/v2\/pages\/2015\/revisions"}],"predecessor-version":[{"id":3300,"href":"https:\/\/www.pauvrophobie.be\/index.php\/wp-json\/wp\/v2\/pages\/2015\/revisions\/3300"}],"up":[{"embeddable":true,"href":"https:\/\/www.pauvrophobie.be\/index.php\/wp-json\/wp\/v2\/pages\/909"}],"wp:attachment":[{"href":"https:\/\/www.pauvrophobie.be\/index.php\/wp-json\/wp\/v2\/media?parent=2015"}],"curies":[{"name":"wp","href":"https:\/\/api.w.org\/{rel}","templated":true}]}}