{"id":2040,"date":"2018-10-15T11:01:13","date_gmt":"2018-10-15T09:01:13","guid":{"rendered":"https:\/\/www.pauvrophobie.be\/?page_id=2040"},"modified":"2019-02-20T11:22:20","modified_gmt":"2019-02-20T10:22:20","slug":"videos","status":"publish","type":"page","link":"https:\/\/www.pauvrophobie.be\/index.php\/le-blog\/videos\/","title":{"rendered":"T\u00e9moignages Colloque"},"content":{"rendered":"<p>[et_pb_section fb_built=\u00a0\u00bb1&Prime; disabled_on=\u00a0\u00bboff|off|off\u00a0\u00bb admin_label=\u00a0\u00bbFOND D\u00e9grad\u00e9\u00a0\u00bb _builder_version=\u00a0\u00bb3.18.7&Prime; background_image=\u00a0\u00bbhttp:\/\/ns3251244.ip-37-59-13.eu\/wp-dev\/wordpress\/wp-content\/uploads\/2018\/09\/OmbreTop.png\u00a0\u00bb custom_padding=\u00a0\u00bb0|0px|152px|0px|false|false\u00a0\u00bb custom_css_main_element=\u00a0\u00bbheight:32px;||width:100%;||z-index:11;||position:fixed;||top:0;||left:0; ||background-color:transparent;\u00a0\u00bb global_module=\u00a0\u00bb1708&Prime; collapsed=\u00a0\u00bbon\u00a0\u00bb][\/et_pb_section][et_pb_section fb_built=\u00a0\u00bb1&Prime; admin_label=\u00a0\u00bbVIDE\u00a0\u00bb _builder_version=\u00a0\u00bb3.18.7&Prime; background_color=\u00a0\u00bb#000000&Prime;][\/et_pb_section][et_pb_section fb_built=\u00a0\u00bb1&Prime; _builder_version=\u00a0\u00bb3.18.7&Prime; border_width_all=\u00a0\u00bb5px\u00a0\u00bb custom_margin=\u00a0\u00bb||\u00a0\u00bb custom_margin_phone=\u00a0\u00bb100px|0px|0px|0px\u00a0\u00bb custom_margin_last_edited=\u00a0\u00bbon|desktop\u00a0\u00bb custom_padding=\u00a0\u00bb0|0px|0px|0px|false|false\u00a0\u00bb][et_pb_row make_fullwidth=\u00a0\u00bbon\u00a0\u00bb use_custom_gutter=\u00a0\u00bbon\u00a0\u00bb gutter_width=\u00a0\u00bb1&Prime; custom_padding=\u00a0\u00bb0px|0px|0|0px|false|false\u00a0\u00bb make_equal=\u00a0\u00bbon\u00a0\u00bb custom_padding_last_edited=\u00a0\u00bbon|phone\u00a0\u00bb _builder_version=\u00a0\u00bb3.17.6&Prime; custom_margin_phone=\u00a0\u00bb0px|0px|0px|0px\u00a0\u00bb custom_margin_last_edited=\u00a0\u00bbon|desktop\u00a0\u00bb][et_pb_column type=\u00a0\u00bb1_4&Prime; _builder_version=\u00a0\u00bb3.17.6&Prime;][et_pb_text admin_label=\u00a0\u00bbSophie Cauderlier\u00a0\u00bb _builder_version=\u00a0\u00bb3.18.7&Prime; border_width_all=\u00a0\u00bb5px\u00a0\u00bb border_color_all=\u00a0\u00bb#e2E63E\u00a0\u00bb locked=\u00a0\u00bboff\u00a0\u00bb]<iframe loading=\"lazy\" src=\"https:\/\/player.vimeo.com\/video\/307043926\" width=\"640\" height=\"640\" frameborder=\"0\" webkitallowfullscreen mozallowfullscreen allowfullscreen><\/iframe>[\/et_pb_text][et_pb_text admin_label=\u00a0\u00bbNail Sumbul\u00a0\u00bb _builder_version=\u00a0\u00bb3.18.7&Prime; border_width_all=\u00a0\u00bb5px\u00a0\u00bb border_color_all=\u00a0\u00bb#e2E63E\u00a0\u00bb locked=\u00a0\u00bboff\u00a0\u00bb]<iframe loading=\"lazy\" src=\"https:\/\/player.vimeo.com\/video\/307043924\" width=\"640\" height=\"640\" frameborder=\"0\" webkitallowfullscreen mozallowfullscreen allowfullscreen><\/iframe>[\/et_pb_text][et_pb_text admin_label=\u00a0\u00bbBruno Vankeneers\u00a0\u00bb _builder_version=\u00a0\u00bb3.18.7&Prime; border_width_all=\u00a0\u00bb5px\u00a0\u00bb border_color_all=\u00a0\u00bb#e2E63E\u00a0\u00bb locked=\u00a0\u00bboff\u00a0\u00bb]<iframe loading=\"lazy\" src=\"https:\/\/player.vimeo.com\/video\/309273537\" width=\"640\" height=\"640\" frameborder=\"0\" webkitallowfullscreen mozallowfullscreen allowfullscreen><\/iframe>[\/et_pb_text][et_pb_text admin_label=\u00a0\u00bbBruno Vankeneers\u00a0\u00bb _builder_version=\u00a0\u00bb3.18.7&Prime; border_width_all=\u00a0\u00bb5px\u00a0\u00bb border_color_all=\u00a0\u00bb#e2E63E\u00a0\u00bb locked=\u00a0\u00bboff\u00a0\u00bb]<iframe loading=\"lazy\" src=\"https:\/\/player.vimeo.com\/video\/309273529\" width=\"640\" height=\"640\" frameborder=\"0\" webkitallowfullscreen mozallowfullscreen allowfullscreen><\/iframe>[\/et_pb_text][et_pb_text admin_label=\u00a0\u00bbBruno Vankeneers\u00a0\u00bb _builder_version=\u00a0\u00bb3.19.9&Prime; border_width_all=\u00a0\u00bb5px\u00a0\u00bb border_color_all=\u00a0\u00bb#e2E63E\u00a0\u00bb locked=\u00a0\u00bboff\u00a0\u00bb]<iframe loading=\"lazy\" src=\"https:\/\/player.vimeo.com\/video\/315456820?color=ebd621\" width=\"640\" height=\"640\" frameborder=\"0\" webkitallowfullscreen mozallowfullscreen allowfullscreen><\/iframe>[\/et_pb_text][et_pb_text admin_label=\u00a0\u00bbBruno Vankeneers\u00a0\u00bb _builder_version=\u00a0\u00bb3.19.14&Prime; border_width_all=\u00a0\u00bb5px\u00a0\u00bb border_color_all=\u00a0\u00bb#e2E63E\u00a0\u00bb locked=\u00a0\u00bboff\u00a0\u00bb]<iframe loading=\"lazy\" src=\"https:\/\/player.vimeo.com\/video\/318406540?color=ebd621\" width=\"640\" height=\"640\" frameborder=\"0\" webkitallowfullscreen mozallowfullscreen allowfullscreen><\/iframe>[\/et_pb_text][\/et_pb_column][et_pb_column type=\u00a0\u00bb1_4&Prime; _builder_version=\u00a0\u00bb3.17.6&Prime;][et_pb_text admin_label=\u00a0\u00bbDiallo Mariama\u00a0\u00bb _builder_version=\u00a0\u00bb3.18.7&Prime; border_width_all=\u00a0\u00bb5px\u00a0\u00bb border_color_all=\u00a0\u00bb#e2E63E\u00a0\u00bb locked=\u00a0\u00bboff\u00a0\u00bb]<iframe loading=\"lazy\" src=\"https:\/\/player.vimeo.com\/video\/307043922\" width=\"640\" height=\"640\" frameborder=\"0\" webkitallowfullscreen mozallowfullscreen allowfullscreen><\/iframe>[\/et_pb_text][et_pb_text admin_label=\u00a0\u00bbMohamed Bouchoiri\u00a0\u00bb _builder_version=\u00a0\u00bb3.18.7&Prime; border_width_all=\u00a0\u00bb5px\u00a0\u00bb border_color_all=\u00a0\u00bb#e2E63E\u00a0\u00bb locked=\u00a0\u00bboff\u00a0\u00bb]<iframe loading=\"lazy\" src=\"https:\/\/player.vimeo.com\/video\/306429101\" width=\"640\" height=\"640\" frameborder=\"0\" webkitallowfullscreen mozallowfullscreen allowfullscreen><\/iframe>[\/et_pb_text][et_pb_text admin_label=\u00a0\u00bbBruno Vankeneers\u00a0\u00bb _builder_version=\u00a0\u00bb3.18.7&Prime; border_width_all=\u00a0\u00bb5px\u00a0\u00bb border_color_all=\u00a0\u00bb#e2E63E\u00a0\u00bb locked=\u00a0\u00bboff\u00a0\u00bb]<iframe loading=\"lazy\" src=\"https:\/\/player.vimeo.com\/video\/309273546\" width=\"640\" height=\"640\" frameborder=\"0\" webkitallowfullscreen mozallowfullscreen allowfullscreen><\/iframe>[\/et_pb_text][et_pb_text admin_label=\u00a0\u00bbBruno Vankeneers\u00a0\u00bb _builder_version=\u00a0\u00bb3.19.9&Prime; border_width_all=\u00a0\u00bb5px\u00a0\u00bb border_color_all=\u00a0\u00bb#e2E63E\u00a0\u00bb locked=\u00a0\u00bboff\u00a0\u00bb]<iframe loading=\"lazy\" src=\"https:\/\/player.vimeo.com\/video\/315457048?color=ebd621\" width=\"640\" height=\"640\" frameborder=\"0\" webkitallowfullscreen mozallowfullscreen allowfullscreen><\/iframe>[\/et_pb_text][et_pb_text admin_label=\u00a0\u00bbBruno Vankeneers\u00a0\u00bb _builder_version=\u00a0\u00bb3.19.9&Prime; border_width_all=\u00a0\u00bb5px\u00a0\u00bb border_color_all=\u00a0\u00bb#e2E63E\u00a0\u00bb locked=\u00a0\u00bboff\u00a0\u00bb]<iframe loading=\"lazy\" src=\"https:\/\/player.vimeo.com\/video\/315456762?color=ebd621\" width=\"640\" height=\"640\" frameborder=\"0\" webkitallowfullscreen mozallowfullscreen allowfullscreen><\/iframe>[\/et_pb_text][\/et_pb_column][et_pb_column type=\u00a0\u00bb1_4&Prime; _builder_version=\u00a0\u00bb3.17.6&Prime;][et_pb_text admin_label=\u00a0\u00bbArnaud de Temmerman\u00a0\u00bb _builder_version=\u00a0\u00bb3.18.7&Prime; border_width_all=\u00a0\u00bb5px\u00a0\u00bb border_color_all=\u00a0\u00bb#e2E63E\u00a0\u00bb locked=\u00a0\u00bboff\u00a0\u00bb]<iframe loading=\"lazy\" src=\"https:\/\/player.vimeo.com\/video\/307043919\" width=\"640\" height=\"640\" frameborder=\"0\" webkitallowfullscreen mozallowfullscreen allowfullscreen><\/iframe>[\/et_pb_text][et_pb_text admin_label=\u00a0\u00bbBruno Vankeneers\u00a0\u00bb _builder_version=\u00a0\u00bb3.19.9&Prime; border_width_all=\u00a0\u00bb5px\u00a0\u00bb border_color_all=\u00a0\u00bb#e2E63E\u00a0\u00bb locked=\u00a0\u00bboff\u00a0\u00bb]<iframe loading=\"lazy\" src=\"https:\/\/player.vimeo.com\/video\/315456629?color=ebd621\" width=\"640\" height=\"640\" frameborder=\"0\" webkitallowfullscreen mozallowfullscreen allowfullscreen><\/iframe>[\/et_pb_text][et_pb_text admin_label=\u00a0\u00bbBruno Vankeneers\u00a0\u00bb _builder_version=\u00a0\u00bb3.18.7&Prime; border_width_all=\u00a0\u00bb5px\u00a0\u00bb border_color_all=\u00a0\u00bb#e2E63E\u00a0\u00bb locked=\u00a0\u00bboff\u00a0\u00bb]<iframe loading=\"lazy\" src=\"https:\/\/player.vimeo.com\/video\/309273555\" width=\"640\" height=\"640\" frameborder=\"0\" webkitallowfullscreen mozallowfullscreen allowfullscreen><\/iframe>[\/et_pb_text][et_pb_text admin_label=\u00a0\u00bbBruno Vankeneers\u00a0\u00bb _builder_version=\u00a0\u00bb3.19.9&Prime; border_width_all=\u00a0\u00bb5px\u00a0\u00bb border_color_all=\u00a0\u00bb#e2E63E\u00a0\u00bb locked=\u00a0\u00bboff\u00a0\u00bb]<iframe loading=\"lazy\" src=\"https:\/\/player.vimeo.com\/video\/315456975?color=ebd621\" width=\"640\" height=\"640\" frameborder=\"0\" webkitallowfullscreen mozallowfullscreen allowfullscreen><\/iframe>[\/et_pb_text][et_pb_text admin_label=\u00a0\u00bbBruno Vankeneers\u00a0\u00bb _builder_version=\u00a0\u00bb3.19.9&Prime; border_width_all=\u00a0\u00bb5px\u00a0\u00bb border_color_all=\u00a0\u00bb#e2E63E\u00a0\u00bb locked=\u00a0\u00bboff\u00a0\u00bb]<iframe loading=\"lazy\" src=\"https:\/\/player.vimeo.com\/video\/315456690?color=ebd621\" width=\"640\" height=\"640\" frameborder=\"0\" webkitallowfullscreen mozallowfullscreen allowfullscreen><\/iframe>[\/et_pb_text][\/et_pb_column][et_pb_column type=\u00a0\u00bb1_4&Prime; _builder_version=\u00a0\u00bb3.17.6&Prime;][et_pb_text admin_label=\u00a0\u00bbOdile Dayez\u00a0\u00bb _builder_version=\u00a0\u00bb3.18.7&Prime; border_width_all=\u00a0\u00bb5px\u00a0\u00bb border_color_all=\u00a0\u00bb#e2E63E\u00a0\u00bb locked=\u00a0\u00bboff\u00a0\u00bb]<iframe loading=\"lazy\" src=\"https:\/\/player.vimeo.com\/video\/307043938\" width=\"640\" height=\"640\" frameborder=\"0\" webkitallowfullscreen mozallowfullscreen allowfullscreen><\/iframe>[\/et_pb_text][et_pb_text admin_label=\u00a0\u00bbBruno Vankeneers\u00a0\u00bb _builder_version=\u00a0\u00bb3.18.7&Prime; border_width_all=\u00a0\u00bb5px\u00a0\u00bb border_color_all=\u00a0\u00bb#e2E63E\u00a0\u00bb locked=\u00a0\u00bboff\u00a0\u00bb]<iframe loading=\"lazy\" src=\"https:\/\/player.vimeo.com\/video\/309271559\" width=\"640\" height=\"640\" frameborder=\"0\" webkitallowfullscreen mozallowfullscreen allowfullscreen><\/iframe>[\/et_pb_text][et_pb_text admin_label=\u00a0\u00bbBruno Vankeneers\u00a0\u00bb _builder_version=\u00a0\u00bb3.18.7&Prime; border_width_all=\u00a0\u00bb5px\u00a0\u00bb border_color_all=\u00a0\u00bb#e2E63E\u00a0\u00bb locked=\u00a0\u00bboff\u00a0\u00bb]<iframe loading=\"lazy\" src=\"https:\/\/player.vimeo.com\/video\/309273522\" width=\"640\" height=\"640\" frameborder=\"0\" webkitallowfullscreen mozallowfullscreen allowfullscreen><\/iframe>[\/et_pb_text][et_pb_text admin_label=\u00a0\u00bbBruno Vankeneers\u00a0\u00bb _builder_version=\u00a0\u00bb3.19.9&Prime; border_width_all=\u00a0\u00bb5px\u00a0\u00bb border_color_all=\u00a0\u00bb#e2E63E\u00a0\u00bb locked=\u00a0\u00bboff\u00a0\u00bb]<iframe loading=\"lazy\" src=\"https:\/\/player.vimeo.com\/video\/315456876?color=ebd621\" width=\"640\" height=\"640\" frameborder=\"0\" webkitallowfullscreen mozallowfullscreen allowfullscreen><\/iframe>[\/et_pb_text][et_pb_text admin_label=\u00a0\u00bbBruno Vankeneers\u00a0\u00bb _builder_version=\u00a0\u00bb3.19.14&Prime; border_width_all=\u00a0\u00bb5px\u00a0\u00bb border_color_all=\u00a0\u00bb#e2E63E\u00a0\u00bb locked=\u00a0\u00bboff\u00a0\u00bb]<iframe loading=\"lazy\" src=\"https:\/\/player.vimeo.com\/video\/318406620?color=ebd621\" width=\"640\" height=\"640\" frameborder=\"0\" webkitallowfullscreen mozallowfullscreen allowfullscreen><\/iframe>[\/et_pb_text][\/et_pb_column][\/et_pb_row][\/et_pb_section][et_pb_section fb_built=\u00a0\u00bb1&Prime; disabled_on=\u00a0\u00bbon|on|on\u00a0\u00bb _builder_version=\u00a0\u00bb3.14&Prime; background_color=\u00a0\u00bb#000000&Prime; custom_padding=\u00a0\u00bb0px|0px|0|0px|false|false\u00a0\u00bb disabled=\u00a0\u00bbon\u00a0\u00bb global_module=\u00a0\u00bb1346&Prime;][et_pb_row _builder_version=\u00a0\u00bb3.14&Prime; module_alignment=\u00a0\u00bbcenter\u00a0\u00bb][et_pb_column type=\u00a0\u00bb4_4&Prime; _builder_version=\u00a0\u00bb3.0.47&Prime;][et_pb_image src=\u00a0\u00bbhttps:\/\/www.pauvrophobie.be\/wp-content\/uploads\/2018\/09\/Footer-Web-Sense-LF-1-1.png\u00a0\u00bb align=\u00a0\u00bbcenter\u00a0\u00bb admin_label=\u00a0\u00bbLOGOS SENSE et FORUM\u00a0\u00bb _builder_version=\u00a0\u00bb3.15&Prime; max_width=\u00a0\u00bb60%\u00a0\u00bb module_alignment=\u00a0\u00bbcenter\u00a0\u00bb][\/et_pb_image][et_pb_image src=\u00a0\u00bbhttps:\/\/www.pauvrophobie.be\/wp-content\/uploads\/2018\/09\/Footer-Web-Partners-1-1.png\u00a0\u00bb align=\u00a0\u00bbcenter\u00a0\u00bb admin_label=\u00a0\u00bbLOGOS FINANCEURS\u00a0\u00bb _builder_version=\u00a0\u00bb3.15&Prime; max_width=\u00a0\u00bb80%\u00a0\u00bb module_alignment=\u00a0\u00bbcenter\u00a0\u00bb][\/et_pb_image][et_pb_text admin_label=\u00a0\u00bbUn projet du Forum Bruxelles contre les in\u00e9galit\u00e9s et de Sense Production\u00a0\u00bb _builder_version=\u00a0\u00bb3.15&Prime; text_font=\u00a0\u00bbText-SourceSansPro||||||||\u00a0\u00bb text_text_color=\u00a0\u00bb#ffffff\u00a0\u00bb text_font_size=\u00a0\u00bb14px\u00a0\u00bb text_line_height=\u00a0\u00bb1.5em\u00a0\u00bb text_orientation=\u00a0\u00bbcenter\u00a0\u00bb]<\/p>\n<p style=\"text-align: center;\"><strong>Un projet du Forum Bruxelles contre les in\u00e9galit\u00e9s et de Sense Production<\/strong><br \/><strong>Produit par Sense Production<\/strong><\/p>\n<p style=\"text-align: center;\">Projet men\u00e9 en partenariat avec la Coop\u00e9rative CERA &#8211;\u00a0Avec le soutien de la Commission communautaire commune de la R\u00e9gion de Bruxelles-Capitale &#8211;\u00a0Avec le soutien de la F\u00e9d\u00e9ration Wallonie-Bruxelles &#8211;\u00a0Avec le soutien de 4Wings Foundation &#8211;\u00a0Avec l&rsquo;aide du Fonds international Wernaers pour la recherche et la diffusion des connaissances &#8211;\u00a0Avec le soutien de la Commission communautaire fran\u00e7aise<\/p>\n<p>[\/et_pb_text][\/et_pb_column][\/et_pb_row][\/et_pb_section]<\/p>\n","protected":false},"excerpt":{"rendered":"<p>Un projet du Forum Bruxelles contre les in\u00e9galit\u00e9s et de Sense ProductionProduit par Sense Production Projet men\u00e9 en partenariat avec la Coop\u00e9rative CERA &#8211;\u00a0Avec le soutien de la Commission communautaire commune de la R\u00e9gion de Bruxelles-Capitale &#8211;\u00a0Avec le soutien de la F\u00e9d\u00e9ration Wallonie-Bruxelles &#8211;\u00a0Avec le soutien de 4Wings Foundation &#8211;\u00a0Avec l&rsquo;aide du Fonds international Wernaers [&hellip;]<\/p>\n","protected":false},"author":2,"featured_media":0,"parent":909,"menu_order":40,"comment_status":"closed","ping_status":"closed","template":"","meta":{"_et_pb_use_builder":"on","_et_pb_old_content":"","_et_gb_content_width":"","footnotes":""},"class_list":["post-2040","page","type-page","status-publish","hentry"],"_links":{"self":[{"href":"https:\/\/www.pauvrophobie.be\/index.php\/wp-json\/wp\/v2\/pages\/2040","targetHints":{"allow":["GET"]}}],"collection":[{"href":"https:\/\/www.pauvrophobie.be\/index.php\/wp-json\/wp\/v2\/pages"}],"about":[{"href":"https:\/\/www.pauvrophobie.be\/index.php\/wp-json\/wp\/v2\/types\/page"}],"author":[{"embeddable":true,"href":"https:\/\/www.pauvrophobie.be\/index.php\/wp-json\/wp\/v2\/users\/2"}],"replies":[{"embeddable":true,"href":"https:\/\/www.pauvrophobie.be\/index.php\/wp-json\/wp\/v2\/comments?post=2040"}],"version-history":[{"count":78,"href":"https:\/\/www.pauvrophobie.be\/index.php\/wp-json\/wp\/v2\/pages\/2040\/revisions"}],"predecessor-version":[{"id":3350,"href":"https:\/\/www.pauvrophobie.be\/index.php\/wp-json\/wp\/v2\/pages\/2040\/revisions\/3350"}],"up":[{"embeddable":true,"href":"https:\/\/www.pauvrophobie.be\/index.php\/wp-json\/wp\/v2\/pages\/909"}],"wp:attachment":[{"href":"https:\/\/www.pauvrophobie.be\/index.php\/wp-json\/wp\/v2\/media?parent=2040"}],"curies":[{"name":"wp","href":"https:\/\/api.w.org\/{rel}","templated":true}]}}